{"id":1209,"date":"2018-11-05T11:04:00","date_gmt":"2018-11-05T10:04:00","guid":{"rendered":"http:\/\/www.stadthotel-stern.de\/agb\/"},"modified":"2019-02-13T10:58:48","modified_gmt":"2019-02-13T09:58:48","slug":"agb","status":"publish","type":"page","link":"https:\/\/www.stadthotel-stern.de\/en\/agb\/","title":{"rendered":"AGB"},"content":{"rendered":"<div id='full_slider_1'  class='avia-fullwidth-slider main_color avia-shadow   avia-builder-el-0  el_before_av_section  avia-builder-el-first   container_wrap fullsize'  ><div  class='avia-slideshow av-jo45edr7-18d4adea5d676e395236fa7541db445f avia-slideshow-featured av_slideshow_full avia-slide-slider av-slideshow-ui av-control-default av-slideshow-manual av-loop-once av-loop-manual-endless av-default-height-applied   avia-slideshow-1' data-slideshow-options=\"{&quot;animation&quot;:&quot;slide&quot;,&quot;autoplay&quot;:false,&quot;loop_autoplay&quot;:&quot;once&quot;,&quot;interval&quot;:5,&quot;loop_manual&quot;:&quot;manual-endless&quot;,&quot;autoplay_stopper&quot;:false,&quot;noNavigation&quot;:false,&quot;bg_slider&quot;:false,&quot;keep_padding&quot;:false,&quot;hoverpause&quot;:false,&quot;show_slide_delay&quot;:0}\"  itemprop=\"image\" itemscope=\"itemscope\" itemtype=\"https:\/\/schema.org\/ImageObject\" ><ul class='avia-slideshow-inner ' style='padding-bottom: 20%;'><li  class='avia-slideshow-slide av-jo45edr7-18d4adea5d676e395236fa7541db445f__0  av-single-slide slide-1 slide-odd'><div data-rel='slideshow-1' class='avia-slide-wrap '   ><img decoding=\"async\" fetchpriority=\"high\" class=\"wp-image-1007 avia-img-lazy-loading-not-1007\"  src=\"https:\/\/www.stadthotel-stern.de\/wp-content\/uploads\/2018\/11\/stadthotel-stern-top-agb-1500x300.jpg\" width=\"1500\" height=\"300\" title='stadthotel-stern-top-agb' alt=''  itemprop=\"thumbnailUrl\" srcset=\"https:\/\/www.stadthotel-stern.de\/wp-content\/uploads\/2018\/11\/stadthotel-stern-top-agb.jpg 1500w, https:\/\/www.stadthotel-stern.de\/wp-content\/uploads\/2018\/11\/stadthotel-stern-top-agb-300x60.jpg 300w, https:\/\/www.stadthotel-stern.de\/wp-content\/uploads\/2018\/11\/stadthotel-stern-top-agb-768x154.jpg 768w, https:\/\/www.stadthotel-stern.de\/wp-content\/uploads\/2018\/11\/stadthotel-stern-top-agb-1030x206.jpg 1030w, https:\/\/www.stadthotel-stern.de\/wp-content\/uploads\/2018\/11\/stadthotel-stern-top-agb-705x141.jpg 705w, https:\/\/www.stadthotel-stern.de\/wp-content\/uploads\/2018\/11\/stadthotel-stern-top-agb-450x90.jpg 450w\" sizes=\"(max-width: 1500px) 100vw, 1500px\" \/><\/div><\/li><\/ul><\/div><\/div>\n\n<style type=\"text\/css\" data-created_by=\"avia_inline_auto\" id=\"style-css-av-nm90v-fbf32f1a252cae29c64d58b5abdd762d\">\n.avia-section.av-nm90v-fbf32f1a252cae29c64d58b5abdd762d{\nbackground-repeat:no-repeat;\nbackground-image:url(https:\/\/www.stadthotel-stern.de\/wp-content\/uploads\/2018\/10\/ornament-bg-top-small.png);\nbackground-position:50% 0%;\nbackground-attachment:scroll;\n}\n<\/style>\n<div id='av_section_1'  class='avia-section av-nm90v-fbf32f1a252cae29c64d58b5abdd762d main_color avia-section-huge avia-no-border-styling  avia-builder-el-1  el_after_av_slideshow_full  avia-builder-el-last  avia-full-contain avia-bg-style-scroll container_wrap fullsize'  data-section-bg-repeat='contain'><div class='container av-section-cont-open' ><div class='template-page content  av-content-full alpha units'><div class='post-entry post-entry-type-page post-entry-1209'><div class='entry-content-wrapper clearfix'>\n\n<style type=\"text\/css\" data-created_by=\"avia_inline_auto\" id=\"style-css-av-33he-f0738b731864263c1134c9def97cf5ec\">\n#top .flex_column.av-33he-f0738b731864263c1134c9def97cf5ec{\nmargin-top:-200px;\nmargin-bottom:0px;\n}\n.flex_column.av-33he-f0738b731864263c1134c9def97cf5ec{\nborder-radius:0px 0px 0px 0px;\npadding:30px 30px 0 30px;\nbackground-color:#ffffff;\n}\n.responsive #top #wrap_all .flex_column.av-33he-f0738b731864263c1134c9def97cf5ec{\nmargin-top:-200px;\nmargin-bottom:0px;\n}\n<\/style>\n<div  class='flex_column av-33he-f0738b731864263c1134c9def97cf5ec av_one_full  avia-builder-el-2  el_before_av_two_fifth  avia-builder-el-first  first flex_column_div  '     ><style type=\"text\/css\" data-created_by=\"avia_inline_auto\" id=\"style-css-av-js30x88a-691a2fc23ac64b9ba5c7affee712b7f1\">\n#top .av-special-heading.av-js30x88a-691a2fc23ac64b9ba5c7affee712b7f1{\npadding-bottom:20px;\n}\nbody .av-special-heading.av-js30x88a-691a2fc23ac64b9ba5c7affee712b7f1 .av-special-heading-tag .heading-char{\nfont-size:25px;\n}\n.av-special-heading.av-js30x88a-691a2fc23ac64b9ba5c7affee712b7f1 .av-subheading{\nfont-size:15px;\n}\n<\/style>\n<div  class='av-special-heading av-js30x88a-691a2fc23ac64b9ba5c7affee712b7f1 av-special-heading-h1 blockquote modern-quote modern-centered  avia-builder-el-3  avia-builder-el-no-sibling '><h1 class='av-special-heading-tag '  itemprop=\"headline\"  >General terms and conditions of business<\/h1><div class=\"special-heading-border\"><div class=\"special-heading-inner-border\"><\/div><\/div><\/div><\/div><div class='flex_column_table av-dml6-39b2a019c37a174ad202a3b71eef5b66 sc-av_two_fifth av-equal-height-column-flextable'>\n<style type=\"text\/css\" data-created_by=\"avia_inline_auto\" id=\"style-css-av-dml6-39b2a019c37a174ad202a3b71eef5b66\">\n#top .flex_column_table.av-equal-height-column-flextable.av-dml6-39b2a019c37a174ad202a3b71eef5b66{\nmargin-top:-100px;\nmargin-bottom:30px;\n}\n.flex_column.av-dml6-39b2a019c37a174ad202a3b71eef5b66{\nborder-radius:0px 0px 0px 0px;\npadding:0px 0px 0px 0px;\n}\n<\/style>\n<div  class='flex_column av-dml6-39b2a019c37a174ad202a3b71eef5b66 av_two_fifth  avia-builder-el-4  el_after_av_one_full  el_before_av_one_fifth  first flex_column_table_cell av-equal-height-column av-align-top av-zero-column-padding  column-top-margin'     ><\/div><div class='av-flex-placeholder'><\/div>\n<style type=\"text\/css\" data-created_by=\"avia_inline_auto\" id=\"style-css-av-dml6-cc056f40f557db6d48cd8074df9aec78\">\n#top .flex_column_table.av-equal-height-column-flextable.av-dml6-cc056f40f557db6d48cd8074df9aec78{\nmargin-top:-100px;\nmargin-bottom:30px;\n}\n.flex_column.av-dml6-cc056f40f557db6d48cd8074df9aec78{\nborder-radius:0px 0px 0px 0px;\npadding:0px 0px 0px 0px;\n}\n<\/style>\n<div  class='flex_column av-dml6-cc056f40f557db6d48cd8074df9aec78 av_one_fifth  avia-builder-el-5  el_after_av_two_fifth  el_before_av_two_fifth  flex_column_table_cell av-equal-height-column av-align-top av-zero-column-padding  column-top-margin'     ><style type=\"text\/css\" data-created_by=\"avia_inline_auto\" id=\"style-css-av-jnylio14-aec923a8fa91ed2aca2a14c8c47a2aa0\">\n.avia-image-container.av-jnylio14-aec923a8fa91ed2aca2a14c8c47a2aa0 img.avia_image{\nbox-shadow:none;\n}\n.avia-image-container.av-jnylio14-aec923a8fa91ed2aca2a14c8c47a2aa0 .av-image-caption-overlay-center{\ncolor:#ffffff;\n}\n<\/style>\n<div  class='avia-image-container av-jnylio14-aec923a8fa91ed2aca2a14c8c47a2aa0 av-styling-no-styling avia-align-center  avia-builder-el-6  avia-builder-el-no-sibling '   itemprop=\"image\" itemscope=\"itemscope\" itemtype=\"https:\/\/schema.org\/ImageObject\" ><div class=\"avia-image-container-inner\"><div class=\"avia-image-overlay-wrap\"><img decoding=\"async\" fetchpriority=\"high\" class='wp-image-979 avia-img-lazy-loading-not-979 avia_image ' src=\"https:\/\/www.stadthotel-stern.de\/wp-content\/uploads\/2018\/11\/four-stars-300x83.png\" alt='' title='four-stars'  height=\"83\" width=\"300\"  itemprop=\"thumbnailUrl\" srcset=\"https:\/\/www.stadthotel-stern.de\/wp-content\/uploads\/2018\/11\/four-stars-300x83.png 300w, https:\/\/www.stadthotel-stern.de\/wp-content\/uploads\/2018\/11\/four-stars-768x211.png 768w, https:\/\/www.stadthotel-stern.de\/wp-content\/uploads\/2018\/11\/four-stars-845x237.png 845w, https:\/\/www.stadthotel-stern.de\/wp-content\/uploads\/2018\/11\/four-stars-705x194.png 705w, https:\/\/www.stadthotel-stern.de\/wp-content\/uploads\/2018\/11\/four-stars-450x124.png 450w, https:\/\/www.stadthotel-stern.de\/wp-content\/uploads\/2018\/11\/four-stars.png 861w\" sizes=\"(max-width: 300px) 100vw, 300px\" \/><\/div><\/div><\/div><\/div><div class='av-flex-placeholder'><\/div>\n<style type=\"text\/css\" data-created_by=\"avia_inline_auto\" id=\"style-css-av-dml6-cc056f40f557db6d48cd8074df9aec78\">\n#top .flex_column_table.av-equal-height-column-flextable.av-dml6-cc056f40f557db6d48cd8074df9aec78{\nmargin-top:-100px;\nmargin-bottom:30px;\n}\n.flex_column.av-dml6-cc056f40f557db6d48cd8074df9aec78{\nborder-radius:0px 0px 0px 0px;\npadding:0px 0px 0px 0px;\n}\n<\/style>\n<div  class='flex_column av-dml6-cc056f40f557db6d48cd8074df9aec78 av_two_fifth  avia-builder-el-7  el_after_av_one_fifth  el_before_av_one_half  flex_column_table_cell av-equal-height-column av-align-top av-zero-column-padding  column-top-margin'     ><\/div><\/div><!--close column table wrapper. Autoclose: 1 -->\n<style type=\"text\/css\" data-created_by=\"avia_inline_auto\" id=\"style-css-av-cwxvr-080c9492e95d5eacae17947f28697198\">\n.flex_column.av-cwxvr-080c9492e95d5eacae17947f28697198{\nborder-radius:0px 0px 0px 0px;\npadding:0px 0px 0px 0px;\n}\n<\/style>\n<div  class='flex_column av-cwxvr-080c9492e95d5eacae17947f28697198 av_one_half  avia-builder-el-8  el_after_av_two_fifth  el_before_av_one_half  first flex_column_div av-zero-column-padding  '     ><section  class='av_textblock_section av-jo44t3l8-7a0bcdd4c4cfaaacb11549d2d163361e '   itemscope=\"itemscope\" itemtype=\"https:\/\/schema.org\/CreativeWork\" ><div class='avia_textblock'  itemprop=\"text\" ><p><strong>AGB\u00b4s ****Stadthotel &#8220;Stern&#8221; Wismar<\/strong><\/p>\n<p><strong>Allgemeine Gesch\u00e4ftsbedingungen f\u00fcr den Hotel Aufnahmevertrag<\/strong><\/p>\n<p><strong>I. Geltungsbereich<\/strong><\/p>\n<p>1. Diese Gesch\u00e4ftsbedingungen gelten f\u00fcr Vertr\u00e4ge \u00fcber die mietweise \u00dcberlassung von Hotelzimmern zur Beherbergung, sowie alle f\u00fcr den Kunden erbrachten weiteren Leistungen und Lieferungen des Hotels.<\/p>\n<p>2. Die Unter- oder Weitervermietung der \u00fcberlassenen Zimmer sowie deren Nutzung zu anderen als Beherbergungszwecken bed\u00fcrfen der vorherigen schriftlichen Zustimmung des Hotels, wobei \u00a7 540 Absatz 1 Satz 2 BGB abbedungen wird, soweit der Kunde nicht Verbraucher ist.<\/p>\n<p>3. Gesch\u00e4ftsbedingungen des Kunden finden nur Anwendung, wenn dies vorher ausdr\u00fccklich schriftlich vereinbart wurde.<\/p>\n<p><strong>II. Vertragsabschlu\u00df, -partner, Verj\u00e4hrung<\/strong><\/p>\n<p>1. Der Vertrag kommt durch die Annahme des Antrags des Kunden durch das Hotel zustande. Dem Hotel steht es frei, die Zimmerbuchung schriftlich zu best\u00e4tigen.<\/p>\n<p>2. Vertragspartner sind das Hotel und der Kunde. Hat ein Dritter f\u00fcr den Kunden bestellt, haftet er dem Hotel gegen\u00fcber zusammen mit dem Kunden als Gesamtschuldner f\u00fcr alle Verpflichtungen aus dem Hotelaufnahmevertrag, sofern dem Hotel eine entsprechende Erkl\u00e4rung des Dritten vorliegt.<\/p>\n<p>3. Alle Anspr\u00fcche gegen das Hotel verj\u00e4hren grunds\u00e4tzlich in einem Jahr ab dem Beginn der kenntnisabh\u00e4ngigen regelm\u00e4\u00dfigen Verj\u00e4hrungsfrist des \u00a7 199 I BGB Schadensersatzanspr\u00fcche verj\u00e4hren kenntnisunabh\u00e4ngig in f\u00fcnf Jahren. Die Verj\u00e4hrungsverk\u00fcrzungen gelten nicht bei Anspr\u00fcchen, die auf einer vors\u00e4tzlichen oder grob fahrl\u00e4ssigen Pflichtverletzung des Hotels beruhen.<\/p>\n<p><strong>III. Leistungen, Preise, Zahlung, Aufrechnung<\/strong><\/p>\n<p>1. Das Hotel ist verpflichtet, die vom Kunden gebuchten Zimmer bereitzuhalten und die vereinbarten Leistungen zu erbringen, insofern die unter Punkt IV\/2. aufgef\u00fchrten Anreisefristen vom Kunden eingehalten werden.<\/p>\n<p>2. Der Kunde ist verpflichtet, die f\u00fcr die Zimmer\u00fcberlassung und die von ihm in Anspruch genommenen weiteren Leistungen geltenden bzw. vereinbarten Preise des Hotels zu zahlen. Dies gilt auch f\u00fcr vom Kunden veranlasste Leistungen und Auslagen des Hotels an Dritte.<\/p>\n<p>3. Die vereinbarten Preise schlie\u00dfen die jeweilige gesetzliche Mehrwertsteuer ein. Tritt eine Erh\u00f6hung der gesetzlichen Mehrwertsteuer zwischen dem Zeitpunkt des Vertragsabschlusses und der Vertragserf\u00fcllung in Kraft und erh\u00f6ht sich der vom Hotel allgemein f\u00fcr derartige Leistungen berechnete Preis, so kann dieses den vertraglich vereinbarten Preis angemessen anheben.<\/p>\n<p>4. Die Preise k\u00f6nnen vom Hotel ferner ge\u00e4ndert werden, wenn der Kunde nachtr\u00e4glich \u00c4nderungen der Anzahl der gebuchten Zimmer, der Leistung des Hotels oder der Aufenthaltsdauer der G\u00e4ste w\u00fcnscht und das Hotel dem zustimmt.<\/p>\n<p>5. Rechnungen des Hotels ohne F\u00e4lligkeitsdatum sind binnen 10 Tagen ab Zugang der Rechnung ohne Abzug zahlbar. Das Hotel ist berechtigt, aufgelaufene Forderungen jederzeit f\u00e4llig zu stellen und unverz\u00fcgliche Zahlung zu verlangen. Bei Zahlungsverzug ist das Hotel berechtigt, die jeweils geltenden gesetzlichen Verzugszinsen in H\u00f6he von derzeit 8% bzw. bei Rechtsgesch\u00e4ften, an denen ein Verbraucher beteiligt ist, in H\u00f6he von 5% \u00fcber dem Basiszinssatz zu verlangen. Zudem wird je Vorgang eine Bearbeitungspauschale in H\u00f6he von \u20ac 35,00 zur Zahlung f\u00e4llig. Ungeachtet der hier aufgef\u00fchrten Margen bleiben dem Hotel der Nachweis und die Einforderung eines h\u00f6heren Schadens vorbehalten.<\/p>\n<p>6. Das Hotel ist berechtigt, bei Vertragsschluss oder danach, unter Ber\u00fccksichtigung der rechtlichen Bestimmungen f\u00fcr Pauschalreisen, eine angemessene Vorauszahlung oder Sicherheitsleistung zu verlangen. Die H\u00f6he der Vorauszahlung und die Zahlungstermine k\u00f6nnen im Vertrag schriftlich vereinbart werden.<\/p>\n<p>7. Der Kunde kann nur mit einer unstreitigen oder rechtskr\u00e4ftigen Forderung gegen\u00fcber einer Forderung des Hotels aufrechnen oder mindern.<\/p>\n<p><strong>IV. R\u00fccktritt des Kunden (i. e. Abbestellung, Stornierung)\/ Nichtinanspruchnahme der Leistungen des Hotels (No Show)<\/strong><\/p>\n<p>1. Ein R\u00fccktritt des Kunden von dem mit dem Hotel geschlossenen Vertrag bedarf der schriftlichen Zustimmung des Hotels. Erfolgt diese nicht, so ist der vereinbarte Preis aus dem Vertrag auch dann zu zahlen, wenn der Kunde vertragliche Leistungen nicht in Anspruch nimmt. Dies gilt nicht bei Verletzung der Verpflichtung des Hotels zur R\u00fccksichtnahme auf Rechte, Rechtsg\u00fcter und Interessen des Kunden, wenn diesem dadurch ein Festhalten am Vertrag nicht mehr zuzumuten ist, oder ein sonstiges gesetzliches oder vertragliches R\u00fccktrittsrecht zusteht.<\/p>\n<p>2. Sofern zwischen dem Hotel und dem Kunden ein Termin zum kostenfreien R\u00fccktritt vom Vertrag schriftlich vereinbart wurde, kann der Kunde bis dahin vom Vertrag zur\u00fccktreten, ohne Zahlungs- oder Schadensersatzanspr\u00fcche des Hotels auszul\u00f6sen. Das R\u00fccktrittsrecht des Kunden erlischt, wenn er nicht bis zum vereinbarten Termin sein Recht zum R\u00fccktritt schriftlich gegen\u00fcber dem Hotel aus\u00fcbt, sofern nicht ein Fall des R\u00fccktritts des Kunden gem\u00e4\u00df Klausel IV. Ziffer 1 Satz 3 vorliegt. Dies gilt auch f\u00fcr den Anreisetag. Der Kunde ist verpflichtet, sich zu den \u00d6ffnungszeiten des Hotels, bis 18:00 Uhr, einzufinden. Sp\u00e4tere Anreisen m\u00fcssen dem Hotel angezeigt werden.<\/p>\n<p>3. Bei vom Kunden nicht in Anspruch genommenen Zimmern hat das Hotel die Einnahmen aus anderweitiger Vermietung der Zimmer sowie die eingesparten Aufwendungen anzurechnen.<\/p>\n<p>4. Dem Hotel steht es frei, die vertraglich vereinbarte Verg\u00fctung zu verlangen und den Abzug f\u00fcr ersparte Aufwendungen zu pauschalieren. Der Kunde ist in diesem Fall verpflichtet, w\u00e4hrend Hochsaisonzeiten 100% ansonsten jedoch mindestens 80% des vertraglich vereinbarten Preises f\u00fcr \u00dcbernachtung zu zahlen. Der Fr\u00fchst\u00fccksanteil wird nicht heraus gerechnet, da sich der Zimmerpreis bis auf Widerruf inklusive dieser Leistung versteht. Dem Kunden steht der Nachweis frei, dass der oben genannte Anspruch nicht oder nicht in der geforderten H\u00f6he entstanden ist.<\/p>\n<p><strong>V. R\u00fccktritt des Hotels<\/strong><\/p>\n<p>1. Sofern ein kostenfreies R\u00fccktrittsrecht des Kunden innerhalb einer bestimmten Frist schriftlich vereinbart wurde, ist das Hotel in diesem Zeitraum seinerseits berechtigt, vom Vertrag zur\u00fcckzutreten, wenn Anfragen anderer Kunden nach den vertraglich gebuchten Zimmern vorliegen und der Kunde auf R\u00fcckfrage des Hotels auf sein Recht zum R\u00fccktritt nicht verzichtet.<\/p>\n<p>2. Wird eine vereinbarte oder oben gem\u00e4\u00df III Ziffer 6 verlangte Vorauszahlung auch nach Verstreichen einer vom Hotel gesetzten angemessenen Nachfrist nicht geleistet, so ist das Hotel ebenfalls zum R\u00fccktritt vom Vertrag berechtigt.<\/p>\n<p>3. Ferner ist das Hotel berechtigt, aus sachlich gerechtfertigtem Grund vom Vertrag au\u00dferordentlich zur\u00fcckzutreten, beispielsweise falls h\u00f6here Gewalt oder andere vom Hotel nicht zu vertretende Umst\u00e4nde die Erf\u00fcllung des Vertrages unm\u00f6glich machen;<\/p>\n<ol>\n<li>Zimmer unter irref\u00fchrender oder falscher Angabe wesentlicher Tatsachen, z.B. in der Person des Kunden oder des Zwecks, gebucht werden<\/li>\n<\/ol>\n<ol>\n<li>b. dass Hotel begr\u00fcndeten Anlass zu der Annahme hat, dass die Inanspruchnahme der Hotelleistung den reibungslosen Gesch\u00e4ftsbetrieb, die Sicherheit oder das Ansehen des Hotels in der \u00d6ffentlichkeit gef\u00e4hrden kann, ohne dass dies dem Herrschafts- bzw. Organisationsbereich des Hotels zuzurechnen ist.<\/li>\n<\/ol>\n<p>c. ein Versto\u00df gegen oben I. Ziffer 2 vorliegt.<\/p>\n<p>4. Bei berechtigtem R\u00fccktritt des Hotels entsteht kein Anspruch des Kunden auf Schadensersatz.<\/p>\n<\/div><\/section><\/div>\n<style type=\"text\/css\" data-created_by=\"avia_inline_auto\" id=\"style-css-av-770av-c16418f5dd81f83b2a5944741ab73f6c\">\n.flex_column.av-770av-c16418f5dd81f83b2a5944741ab73f6c{\nborder-radius:0px 0px 0px 0px;\npadding:0px 0px 0px 0px;\n}\n<\/style>\n<div  class='flex_column av-770av-c16418f5dd81f83b2a5944741ab73f6c av_one_half  avia-builder-el-10  el_after_av_one_half  avia-builder-el-last  flex_column_div av-zero-column-padding  '     ><section  class='av_textblock_section av-jo44t3l8-7a0bcdd4c4cfaaacb11549d2d163361e '   itemscope=\"itemscope\" itemtype=\"https:\/\/schema.org\/CreativeWork\" ><div class='avia_textblock'  itemprop=\"text\" ><p><strong>VI. Zimmerbereitstellung, -\u00fcbergabe und -r\u00fcckgabe<\/strong><\/p>\n<p>1. Der Kunde erwirbt keinen Anspruch auf die Bereitstellung bestimmter Zimmer.<\/p>\n<p>2. Gebuchte Zimmer stehen dem Kunden ab 15.00 Uhr des vereinbarten Anreisetages zur Verf\u00fcgung. Der Kunde hat keinen Anspruch auf fr\u00fchere Bereitstellung. Es steht dem Hotel frei, bei Verf\u00fcgbarkeit die Zimmer zu einem Tagespreis an den Kunden vorzuvermie-ten. Ein Anspruch daran besteht nicht.<\/p>\n<p>3. Am vereinbarten Abreisetag sind die Zimmer dem Hotel sp\u00e4testens um 11.00 Uhr ger\u00e4umt zur Verf\u00fcgung zu stellen. Danach kann das Hotel aufgrund der versp\u00e4teten R\u00e4umung des Zimmers f\u00fcr dessen vertrags\u00fcberschreitende Nutzung bis 18.00 Uhr 50% des vollen Logispreises (Listenpreises) in Rechnung stellen, ab 18.00 Uhr 100%. Vertragliche Anspr\u00fcche des Kunden werden hierdurch nicht begr\u00fcndet. Ihm steht es frei, nachzuweisen, dass dem Hotel kein oder ein wesentlich niedrigerer Anspruch auf Nutzungsentgelt entstanden ist.<\/p>\n<p>4. Im Falle einer Reservierung \u00fcber die Homepage (Website) des Hotels, gilt der Hotel Aufnahmevertrag erst dann als geschlossen, wenn das Hotel die Reservierung schriftlich, nach \u00dcberpr\u00fcfung der Verf\u00fcgbarkeit, an den Kunden best\u00e4tig hat. Dies wird dem Kunden vorher und rechtzeitig, n\u00e4mlich unmittelbar nach der Buchung durch die Zusendung einer automatisch generierten Antwortmail, angezeigt. Das Hotel haftet nicht f\u00fcr etwaige technische St\u00f6rungen, M\u00e4ngel oder Ausf\u00e4lle des elektronischen \u00dcbermittlungsdienstes (z.B. E-Mail). Der Haftungsausschluss bezieht sich auch auf dem Kunden eventuell entstandenen Schaden, der in der Verf\u00fcgbarkeits-\u00dcberpr\u00fcfungsphase entstanden sein k\u00f6nnte.<\/p>\n<p><strong>VII. Haftung des Hotels<\/strong><\/p>\n<p>1. Das Hotel haftet mit der Sorgfalt eines ordentlichen Kaufmanns f\u00fcr seine Verpflichtungen aus dem Vertrag. Anspr\u00fcche des Kunden auf Schadensersatz sind ausgeschlossen. Hiervon ausgenommen sind Sch\u00e4den aus der Verletzung des Lebens, des K\u00f6rpers oder der Gesundheit, wenn das Hotel die Pflichtverletzung zu vertreten hat, sonstige Sch\u00e4den, die auf einer vors\u00e4tzlichen oder grob fahrl\u00e4ssigen Pflichtverletzung des Hotels beruhen und Sch\u00e4den, die auf einer vors\u00e4tzlichen oder fahrl\u00e4ssigen Verletzung von vertragstypischen Pflichten des Hotels beruhen. Einer Pflichtverletzung des Hotels steht die eines gesetzlichen Vertreters oder Erf\u00fcllungsgehilfen gleich. Sollten St\u00f6rungen oder M\u00e4ngel an den Leistungen des Hotels auftreten, wird das Hotel bei Kenntnis oder auf unverz\u00fcgliche R\u00fcge des Kunden bem\u00fcht sein, f\u00fcr Abhilfe zu sorgen. Der Kunde ist verpflichtet, das ihm Zumutbare beizutragen, um die St\u00f6rung zu beheben und einen m\u00f6glichen Schaden gering zu halten.<\/p>\n<p>2. F\u00fcr eingebrachte Sachen haftet das Hotel dem Kunden nach den gesetzlichen Bestimmungen, das ist bis zum Hundertfachen des Zimmerpreises, h\u00f6chstens jedoch \u20ac 3.500,-. Die Haftungsanspr\u00fcche erl\u00f6schen, wenn nicht der Kunde nach Erlangen der Kenntnis von Verlust, Zerst\u00f6rung oder Besch\u00e4digung unverz\u00fcglich dem Hotel Anzeige macht (\u00a7 703 BGB). F\u00fcr eine weitergehende Haftung des Hotels gelten vorstehende Ziffer 1 S\u00e4tze 2 bis 4 entsprechend.<\/p>\n<p>3. Soweit dem Kunden ein Stellplatz in der Hotelgarage oder auf einem Hotelparkplatz, auch gegen Entgelt, zur Verf\u00fcgung gestellt wird, kommt dadurch kein Verwahrungsvertrag zustande. Bei Abhandenkommen oder Besch\u00e4digung auf dem Hotelgrundst\u00fcck abgestellter oder rangierter Kraftfahrzeuge und deren Inhalte haftet das Hotel nicht, au\u00dfer bei Vorsatz oder grober Fahrl\u00e4ssigkeit. Vorstehende Ziffer 1 S\u00e4tze 2 bis 4 gelten entsprechend.<\/p>\n<p>4. Weckauftr\u00e4ge werden vom Hotel mit gr\u00f6\u00dfter Sorgfalt ausgef\u00fchrt. Nachrichten, Post und Warensendungen f\u00fcr die G\u00e4ste werden mit Sorgfalt behandelt. Das Hotel \u00fcbernimmt die Zustellung, Aufbewahrung und &#8211; auf Wunsch &#8211; gegen Entgelt die Nachsendung derselben. Vorstehende Ziffer 1 S\u00e4tze 2 bis 4 gelten entsprechend.<\/p>\n<p><strong>Rechtswirksamkeit virtueller Medien<\/strong><\/p>\n<p><strong>1. Inhalt<\/strong><\/p>\n<p>Stadthotel-Stern Wismar \u00fcbernimmt keine Haftung f\u00fcr die Aktualit\u00e4t, die inhaltliche Richtigkeit, Vollst\u00e4ndigkeit oder Qualit\u00e4t der bereitgestellten Informationen und Materialien, es sei denn, die Fehler wurden vors\u00e4tzlich oder grob fahrl\u00e4ssig aufgenommen. Dies bezieht sich auf jegliche materielle und immaterielle Sch\u00e4den, die durch die Nutzung der von Stadthotel-Stern Wismar auf ihrer Webseite bereitgestellten Informationen und Materialien verursacht wurden. Alle Angebote sind freibleibend und unverbindlich.<\/p>\n<p><strong>2. Verweise und Links<\/strong><\/p>\n<p>Stadthotel-Stern Wismar hat keinen Einfluss auf die Gestaltung und die Inhalte fremder \u00a0Materialien, auf die von ihrer Webseite aus direkt oder indirekt verwiesen wird. Daher distanziert sich Stadthotel-Stern Wismar ausdr\u00fccklich von solchen Materialien und lehnt hierf\u00fcr eine Haftung ab. Dies gilt nicht, sofern Stadthotel-Stern Wismar Kenntnis von rechtwidrigen Inhalten fremder Webseiten hat und es ihr technisch m\u00f6glich und zumutbar ist, die Nutzung im Falle rechtswidriger Inhalte zu verhindern.<\/p>\n<p><strong>3. Copyright<\/strong><\/p>\n<p>Das Layout der Webseite, der benutzten Diagramme, Bilder und Logos sowie die Sammlung einzelner Beitr\u00e4ge sind urheberrechtlich gesch\u00fctzt. Eine Vervielf\u00e4ltigung oder Nutzung von Objekten, wie z.B. Diagrammen, Bildern oder Texten, in anderen elektronischen oder gedruckten Ver\u00f6ffentlichungen ist ohne vorherige Zustimmung des Stadthotel-Stern Wismar nicht erlaubt.<\/p>\n<p><strong>4. Rechtswirksamkeit<\/strong><\/p>\n<p>Dieser Haftungsausschluss ist Teil der Internetver\u00f6ffentlichung, von der aus auf diese Seite verwiesen wurde. Sofern Teile dieses Textes oder einzelne Formulierungen der geltenden Rechtslage nicht entsprechen, bleiben die \u00fcbrigen Teile dieser Erkl\u00e4rung davon unber\u00fchrt.<\/p>\n<p><strong>VIII. Schlussbestimmungen<\/strong><\/p>\n<p>1. \u00c4nderungen oder Erg\u00e4nzungen des Vertrags, der Antragsannahme oder dieser Gesch\u00e4ftsbedingungen f\u00fcr die Hotelaufnahme sollen schriftlich erfolgen. Einseitige \u00c4nderungen oder Erg\u00e4nzungen durch den Kunden sind unwirksam. Durch die Unterschrift auf dem Meldeformular werden seitens der Kunden und G\u00e4ste die AGB\u00b4s anerkannt.<\/p>\n<p>2. Erf\u00fcllungs- und Zahlungsort ist der Sitz des Hotels.<\/p>\n<p>3. Ausschlie\u00dflicher Gerichtsstand &#8211; auch f\u00fcr Scheck- und Wechselstreitigkeiten &#8211; ist im kaufm\u00e4nnischen Verkehr der Sitz des Hotels. Sofern ein Vertragspartner die Voraussetzung des \u00a7 38 Absatz 2 ZPO erf\u00fcllt und keinen allgemeinen Gerichtsstand im Inland hat, gilt als Gerichtsstand der Sitz des Hotels.<\/p>\n<p>4. Es gilt deutsches Recht. Die Anwendung des UN-Kaufrechts und des Kollisionsrechts ist ausgeschlossen.<\/p>\n<p>5. Sollten einzelne Bestimmungen dieser Allgemeinen Gesch\u00e4ftsbedingungen f\u00fcr die Hotelaufnahme unwirksam oder nichtig sein oder werden, so wird dadurch die Wirksamkeit der \u00fcbrigen Bestimmungen nicht ber\u00fchrt. Im \u00dcbrigen gelten die gesetzlichen Vorschriften.<\/p>\n<p>Wismar, Dezember 2010<\/p>\n<\/div><\/section><\/div>\n","protected":false},"excerpt":{"rendered":"","protected":false},"author":2,"featured_media":0,"parent":0,"menu_order":200,"comment_status":"closed","ping_status":"closed","template":"","meta":{"footnotes":""},"class_list":["post-1209","page","type-page","status-publish","hentry"],"_links":{"self":[{"href":"https:\/\/www.stadthotel-stern.de\/en\/wp-json\/wp\/v2\/pages\/1209","targetHints":{"allow":["GET"]}}],"collection":[{"href":"https:\/\/www.stadthotel-stern.de\/en\/wp-json\/wp\/v2\/pages"}],"about":[{"href":"https:\/\/www.stadthotel-stern.de\/en\/wp-json\/wp\/v2\/types\/page"}],"author":[{"embeddable":true,"href":"https:\/\/www.stadthotel-stern.de\/en\/wp-json\/wp\/v2\/users\/2"}],"replies":[{"embeddable":true,"href":"https:\/\/www.stadthotel-stern.de\/en\/wp-json\/wp\/v2\/comments?post=1209"}],"version-history":[{"count":2,"href":"https:\/\/www.stadthotel-stern.de\/en\/wp-json\/wp\/v2\/pages\/1209\/revisions"}],"predecessor-version":[{"id":1218,"href":"https:\/\/www.stadthotel-stern.de\/en\/wp-json\/wp\/v2\/pages\/1209\/revisions\/1218"}],"wp:attachment":[{"href":"https:\/\/www.stadthotel-stern.de\/en\/wp-json\/wp\/v2\/media?parent=1209"}],"curies":[{"name":"wp","href":"https:\/\/api.w.org\/{rel}","templated":true}]}}